{"id":4634,"date":"2022-02-23T11:28:15","date_gmt":"2022-02-23T11:28:15","guid":{"rendered":"https:\/\/www.gongyougroup.com\/blog\/"},"modified":"2023-01-11T08:19:31","modified_gmt":"2023-01-11T08:19:31","slug":"blog","status":"publish","type":"page","link":"https:\/\/www.gongyougroup.com\/es\/blog\/","title":{"rendered":"Blog"},"content":{"rendered":"\t\t<div data-elementor-type=\"wp-page\" data-elementor-id=\"4634\" class=\"elementor elementor-4634 elementor-330\" data-elementor-post-type=\"page\">\n\t\t\t\t\t\t<section class=\"elementor-section elementor-top-section elementor-element elementor-element-01aa11d elementor-section-boxed elementor-section-height-default elementor-section-height-default\" data-id=\"01aa11d\" data-element_type=\"section\" data-settings=\"{&quot;background_background&quot;:&quot;classic&quot;}\">\n\t\t\t\t\t\t\t<div class=\"elementor-background-overlay\"><\/div>\n\t\t\t\t\t\t\t<div class=\"elementor-container elementor-column-gap-default\">\n\t\t\t\t\t<div class=\"elementor-column elementor-col-100 elementor-top-column elementor-element elementor-element-7c795e1 lakit-col-width-auto-no\" data-id=\"7c795e1\" data-element_type=\"column\">\n\t\t\t<div class=\"elementor-widget-wrap elementor-element-populated\">\n\t\t\t\t\t\t<section class=\"elementor-section elementor-inner-section elementor-element elementor-element-e03be13 elementor-section-boxed elementor-section-height-default elementor-section-height-default\" data-id=\"e03be13\" data-element_type=\"section\">\n\t\t\t\t\t\t<div class=\"elementor-container elementor-column-gap-default\">\n\t\t\t\t\t<div class=\"elementor-column elementor-col-33 elementor-inner-column elementor-element elementor-element-1c29e10 elementor-hidden-tablet lakit-col-width-auto-no\" data-id=\"1c29e10\" data-element_type=\"column\">\n\t\t\t<div class=\"elementor-widget-wrap\">\n\t\t\t\t\t\t\t<\/div>\n\t\t<\/div>\n\t\t\t\t<div class=\"elementor-column elementor-col-33 elementor-inner-column elementor-element elementor-element-4e378f6 lakit-col-width-auto-no\" data-id=\"4e378f6\" data-element_type=\"column\">\n\t\t\t<div class=\"elementor-widget-wrap elementor-element-populated\">\n\t\t\t\t\t\t<div class=\"elementor-element elementor-element-67d9f50 elementor-invisible lakit-has-entrance-animation elementor-widget elementor-widget-heading\" data-id=\"67d9f50\" data-element_type=\"widget\" data-settings=\"{&quot;_animation&quot;:&quot;fadeInUp&quot;,&quot;_animation_delay&quot;:0.14}\" data-widget_type=\"heading.default\">\n\t\t\t\t<div class=\"elementor-widget-container\">\n\t\t\t<style>\/*! elementor - v3.21.0 - 15-04-2024 *\/\n.elementor-heading-title{padding:0;margin:0;line-height:1}.elementor-widget-heading .elementor-heading-title[class*=elementor-size-]>a{color:inherit;font-size:inherit;line-height:inherit}.elementor-widget-heading .elementor-heading-title.elementor-size-small{font-size:15px}.elementor-widget-heading .elementor-heading-title.elementor-size-medium{font-size:19px}.elementor-widget-heading .elementor-heading-title.elementor-size-large{font-size:29px}.elementor-widget-heading .elementor-heading-title.elementor-size-xl{font-size:39px}.elementor-widget-heading .elementor-heading-title.elementor-size-xxl{font-size:59px}<\/style><h2 class=\"elementor-heading-title elementor-size-default\">Blog y art\u00edculo<\/h2>\t\t<\/div>\n\t\t\t\t<\/div>\n\t\t\t\t\t<\/div>\n\t\t<\/div>\n\t\t\t\t<div class=\"elementor-column elementor-col-33 elementor-inner-column elementor-element elementor-element-56dd753 elementor-hidden-tablet lakit-col-width-auto-no\" data-id=\"56dd753\" data-element_type=\"column\">\n\t\t\t<div class=\"elementor-widget-wrap\">\n\t\t\t\t\t\t\t<\/div>\n\t\t<\/div>\n\t\t\t\t\t<\/div>\n\t\t<\/section>\n\t\t\t\t\t<\/div>\n\t\t<\/div>\n\t\t\t\t\t<\/div>\n\t\t<\/section>\n\t\t\t\t<section class=\"elementor-section elementor-top-section elementor-element elementor-element-7504f7c elementor-section-boxed elementor-section-height-default elementor-section-height-default\" data-id=\"7504f7c\" data-element_type=\"section\">\n\t\t\t\t\t\t<div class=\"elementor-container elementor-column-gap-default\">\n\t\t\t\t\t<div class=\"elementor-column elementor-col-100 elementor-top-column elementor-element elementor-element-1b6ebc8 lakit-col-width-auto-no\" data-id=\"1b6ebc8\" data-element_type=\"column\">\n\t\t\t<div class=\"elementor-widget-wrap elementor-element-populated\">\n\t\t\t\t\t\t<div class=\"elementor-element elementor-element-02ec3b4 elementor-widget elementor-widget-heading\" data-id=\"02ec3b4\" data-element_type=\"widget\" data-widget_type=\"heading.default\">\n\t\t\t\t<div class=\"elementor-widget-container\">\n\t\t\t<h2 class=\"elementor-heading-title elementor-size-default\">Blog<\/h2>\t\t<\/div>\n\t\t\t\t<\/div>\n\t\t\t\t\t<\/div>\n\t\t<\/div>\n\t\t\t\t\t<\/div>\n\t\t<\/section>\n\t\t\t\t<section class=\"elementor-section elementor-top-section elementor-element elementor-element-3d50030 elementor-section-boxed elementor-section-height-default elementor-section-height-default\" data-id=\"3d50030\" data-element_type=\"section\">\n\t\t\t\t\t\t<div class=\"elementor-container elementor-column-gap-default\">\n\t\t\t\t\t<div class=\"elementor-column elementor-col-100 elementor-top-column elementor-element elementor-element-d67f73d lakit-col-width-auto-no\" data-id=\"d67f73d\" data-element_type=\"column\">\n\t\t\t<div class=\"elementor-widget-wrap elementor-element-populated\">\n\t\t\t\t\t\t<div class=\"elementor-element elementor-element-e2b03c8 elementor-grid-3 elementor-grid-tablet-2 elementor-grid-mobile-1 elementor-posts--thumbnail-top elementor-card-shadow-yes elementor-posts__hover-gradient elementor-widget elementor-widget-posts\" data-id=\"e2b03c8\" data-element_type=\"widget\" data-settings=\"{&quot;pagination_type&quot;:&quot;numbers&quot;,&quot;cards_columns&quot;:&quot;3&quot;,&quot;cards_columns_tablet&quot;:&quot;2&quot;,&quot;cards_columns_mobile&quot;:&quot;1&quot;,&quot;cards_row_gap&quot;:{&quot;unit&quot;:&quot;px&quot;,&quot;size&quot;:35,&quot;sizes&quot;:[]},&quot;cards_row_gap_tablet&quot;:{&quot;unit&quot;:&quot;px&quot;,&quot;size&quot;:&quot;&quot;,&quot;sizes&quot;:[]},&quot;cards_row_gap_mobile&quot;:{&quot;unit&quot;:&quot;px&quot;,&quot;size&quot;:&quot;&quot;,&quot;sizes&quot;:[]}}\" data-widget_type=\"posts.cards\">\n\t\t\t\t<div class=\"elementor-widget-container\">\n\t\t\t<link rel=\"stylesheet\" href=\"https:\/\/www.gongyougroup.com\/wp-content\/plugins\/elementor-pro\/assets\/css\/widget-posts.min.css\">\t\t<div class=\"elementor-posts-container elementor-posts elementor-posts--skin-cards elementor-grid\">\n\t\t\t\t<article class=\"elementor-post elementor-grid-item post-12004 post type-post status-publish format-standard has-post-thumbnail hentry category-sin-categorizar tag-feria-de-canton\">\n\t\t\t<div class=\"elementor-post__card\">\n\t\t\t\t<a class=\"elementor-post__thumbnail__link\" href=\"https:\/\/www.gongyougroup.com\/es\/descubra-con-nosotros-el-futuro-de-las-soluciones-de-elevacion-en-la-135a-edicion-de-la-feria-de-canton\/\" tabindex=\"-1\" ><div class=\"elementor-post__thumbnail\"><img fetchpriority=\"high\" decoding=\"async\" width=\"1432\" height=\"418\" src=\"https:\/\/www.gongyougroup.com\/wp-content\/uploads\/2024\/03\/yjuh.png\" class=\"attachment-medium size-medium wp-image-11982\" alt=\"\" srcset=\"https:\/\/www.gongyougroup.com\/wp-content\/uploads\/2024\/03\/yjuh.png 1432w, https:\/\/www.gongyougroup.com\/wp-content\/uploads\/2024\/03\/yjuh-768x224.png 768w, https:\/\/www.gongyougroup.com\/wp-content\/uploads\/2024\/03\/yjuh-600x175.png 600w\" sizes=\"(max-width: 1432px) 100vw, 1432px\" \/><\/div><\/a>\n\t\t\t\t<div class=\"elementor-post__text\">\n\t\t\t\t<h3 class=\"elementor-post__title\">\n\t\t\t<a href=\"https:\/\/www.gongyougroup.com\/es\/descubra-con-nosotros-el-futuro-de-las-soluciones-de-elevacion-en-la-135a-edicion-de-la-feria-de-canton\/\" >\n\t\t\t\tDescubra con nosotros el futuro de las soluciones de elevaci\u00f3n en la 135\u00aa edici\u00f3n de la Feria de Cant\u00f3n.\t\t\t<\/a>\n\t\t<\/h3>\n\t\t\t\t<div class=\"elementor-post__excerpt\">\n\t\t\t<p>Descubra con nosotros el futuro de las soluciones de elevaci\u00f3n en la 135\u00aa edici\u00f3n de la Feria de Cant\u00f3n. \u00a1Hola! Bienvenido al viaje m\u00e1s interesante<\/p>\n\t\t<\/div>\n\t\t\n\t\t<a class=\"elementor-post__read-more\" href=\"https:\/\/www.gongyougroup.com\/es\/descubra-con-nosotros-el-futuro-de-las-soluciones-de-elevacion-en-la-135a-edicion-de-la-feria-de-canton\/\" aria-label=\"Read more about Descubra con nosotros el futuro de las soluciones de elevaci\u00f3n en la 135\u00aa edici\u00f3n de la Feria de Cant\u00f3n.\" tabindex=\"-1\" >\n\t\t\tLee mas \"\t\t<\/a>\n\n\t\t\t\t<\/div>\n\t\t\t\t<div class=\"elementor-post__meta-data\">\n\t\t\t\t\t<span class=\"elementor-post-date\">\n\t\t\tmarzo 18, 2024\t\t<\/span>\n\t\t\t\t<span class=\"elementor-post-avatar\">\n\t\t\tNo hay comentarios\t\t<\/span>\n\t\t\t\t<\/div>\n\t\t\t\t\t<\/div>\n\t\t<\/article>\n\t\t\t\t<article class=\"elementor-post elementor-grid-item post-12038 post type-post status-publish format-standard has-post-thumbnail hentry category-sin-categorizar tag-polipasto-electrico-de-cadena\">\n\t\t\t<div class=\"elementor-post__card\">\n\t\t\t\t<a class=\"elementor-post__thumbnail__link\" href=\"https:\/\/www.gongyougroup.com\/es\/precision-y-potencia-maximizacion-de-la-seguridad-con-polipastos-electricos-de-cadena-por-etapas\/\" tabindex=\"-1\" ><div class=\"elementor-post__thumbnail\"><img decoding=\"async\" width=\"700\" height=\"700\" src=\"https:\/\/www.gongyougroup.com\/wp-content\/uploads\/2024\/02\/M6-W-zt01.jpg\" class=\"attachment-medium size-medium wp-image-11657\" alt=\"\" srcset=\"https:\/\/www.gongyougroup.com\/wp-content\/uploads\/2024\/02\/M6-W-zt01.jpg 700w, https:\/\/www.gongyougroup.com\/wp-content\/uploads\/2024\/02\/M6-W-zt01-150x150.jpg 150w, https:\/\/www.gongyougroup.com\/wp-content\/uploads\/2024\/02\/M6-W-zt01-300x300.jpg 300w, https:\/\/www.gongyougroup.com\/wp-content\/uploads\/2024\/02\/M6-W-zt01-600x600.jpg 600w, https:\/\/www.gongyougroup.com\/wp-content\/uploads\/2024\/02\/M6-W-zt01-100x100.jpg 100w\" sizes=\"(max-width: 700px) 100vw, 700px\" \/><\/div><\/a>\n\t\t\t\t<div class=\"elementor-post__text\">\n\t\t\t\t<h3 class=\"elementor-post__title\">\n\t\t\t<a href=\"https:\/\/www.gongyougroup.com\/es\/precision-y-potencia-maximizacion-de-la-seguridad-con-polipastos-electricos-de-cadena-por-etapas\/\" >\n\t\t\t\tPrecisi\u00f3n y potencia: Maximizaci\u00f3n de la seguridad con polipastos el\u00e9ctricos de cadena por etapas\t\t\t<\/a>\n\t\t<\/h3>\n\t\t\t\t<div class=\"elementor-post__excerpt\">\n\t\t\t<p>Introducci\u00f3n a los polipastos el\u00e9ctricos de cadena \u00bfEst\u00e1 preparado para elevar su juego de montaje de escenarios a nuevas cotas? Cuando se trata de garantizar<\/p>\n\t\t<\/div>\n\t\t\n\t\t<a class=\"elementor-post__read-more\" href=\"https:\/\/www.gongyougroup.com\/es\/precision-y-potencia-maximizacion-de-la-seguridad-con-polipastos-electricos-de-cadena-por-etapas\/\" aria-label=\"Read more about Precisi\u00f3n y potencia: Maximizaci\u00f3n de la seguridad con polipastos el\u00e9ctricos de cadena por etapas\" tabindex=\"-1\" >\n\t\t\tLee mas \"\t\t<\/a>\n\n\t\t\t\t<\/div>\n\t\t\t\t<div class=\"elementor-post__meta-data\">\n\t\t\t\t\t<span class=\"elementor-post-date\">\n\t\t\tfebrero 20, 2024\t\t<\/span>\n\t\t\t\t<span class=\"elementor-post-avatar\">\n\t\t\tNo hay comentarios\t\t<\/span>\n\t\t\t\t<\/div>\n\t\t\t\t\t<\/div>\n\t\t<\/article>\n\t\t\t\t<article class=\"elementor-post elementor-grid-item post-12031 post type-post status-publish format-standard has-post-thumbnail hentry category-sin-categorizar tag-polipasto-de-cadena-manual\">\n\t\t\t<div class=\"elementor-post__card\">\n\t\t\t\t<a class=\"elementor-post__thumbnail__link\" href=\"https:\/\/www.gongyougroup.com\/es\/elevacion-con-precision-la-guia-definitiva-del-polipasto-manual-de-cadena\/\" tabindex=\"-1\" ><div class=\"elementor-post__thumbnail\"><img decoding=\"async\" width=\"700\" height=\"700\" src=\"https:\/\/www.gongyougroup.com\/wp-content\/uploads\/2024\/01\/HSZ-zt04-1.jpg\" class=\"attachment-medium size-medium wp-image-11621\" alt=\"\" srcset=\"https:\/\/www.gongyougroup.com\/wp-content\/uploads\/2024\/01\/HSZ-zt04-1.jpg 700w, https:\/\/www.gongyougroup.com\/wp-content\/uploads\/2024\/01\/HSZ-zt04-1-150x150.jpg 150w, https:\/\/www.gongyougroup.com\/wp-content\/uploads\/2024\/01\/HSZ-zt04-1-300x300.jpg 300w, https:\/\/www.gongyougroup.com\/wp-content\/uploads\/2024\/01\/HSZ-zt04-1-600x600.jpg 600w, https:\/\/www.gongyougroup.com\/wp-content\/uploads\/2024\/01\/HSZ-zt04-1-100x100.jpg 100w\" sizes=\"(max-width: 700px) 100vw, 700px\" \/><\/div><\/a>\n\t\t\t\t<div class=\"elementor-post__text\">\n\t\t\t\t<h3 class=\"elementor-post__title\">\n\t\t\t<a href=\"https:\/\/www.gongyougroup.com\/es\/elevacion-con-precision-la-guia-definitiva-del-polipasto-manual-de-cadena\/\" >\n\t\t\t\tElevaci\u00f3n con precisi\u00f3n: La gu\u00eda definitiva del polipasto manual de cadena\t\t\t<\/a>\n\t\t<\/h3>\n\t\t\t\t<div class=\"elementor-post__excerpt\">\n\t\t\t<p>Introducci\u00f3n a los polipastos de cadena manuales Bienvenido al mundo del levantamiento de pesos pesados. Si alguna vez ha necesitado elevar y mover cargas pesadas<\/p>\n\t\t<\/div>\n\t\t\n\t\t<a class=\"elementor-post__read-more\" href=\"https:\/\/www.gongyougroup.com\/es\/elevacion-con-precision-la-guia-definitiva-del-polipasto-manual-de-cadena\/\" aria-label=\"Read more about Elevaci\u00f3n con precisi\u00f3n: La gu\u00eda definitiva del polipasto manual de cadena\" tabindex=\"-1\" >\n\t\t\tLee mas \"\t\t<\/a>\n\n\t\t\t\t<\/div>\n\t\t\t\t<div class=\"elementor-post__meta-data\">\n\t\t\t\t\t<span class=\"elementor-post-date\">\n\t\t\tenero 24, 2024\t\t<\/span>\n\t\t\t\t<span class=\"elementor-post-avatar\">\n\t\t\tNo hay comentarios\t\t<\/span>\n\t\t\t\t<\/div>\n\t\t\t\t\t<\/div>\n\t\t<\/article>\n\t\t\t\t<article class=\"elementor-post elementor-grid-item post-5311 post type-post status-publish format-standard has-post-thumbnail hentry category-sobre-el-producto tag-polipasto-electrico-gongyougroup-proveedor tag-polipastos-electricos tag-proveedor-de-transpaletas\">\n\t\t\t<div class=\"elementor-post__card\">\n\t\t\t\t<a class=\"elementor-post__thumbnail__link\" href=\"https:\/\/www.gongyougroup.com\/es\/pocos-conocimientos-sobre-polipastos-electricos\/\" tabindex=\"-1\" ><div class=\"elementor-post__thumbnail\"><img loading=\"lazy\" decoding=\"async\" width=\"921\" height=\"638\" src=\"https:\/\/www.gongyougroup.com\/wp-content\/uploads\/2022\/06\/5.jpg\" class=\"attachment-medium size-medium wp-image-5092\" alt=\"\" srcset=\"https:\/\/www.gongyougroup.com\/wp-content\/uploads\/2022\/06\/5.jpg 921w, https:\/\/www.gongyougroup.com\/wp-content\/uploads\/2022\/06\/5-768x532.jpg 768w, https:\/\/www.gongyougroup.com\/wp-content\/uploads\/2022\/06\/5-600x416.jpg 600w\" sizes=\"(max-width: 921px) 100vw, 921px\" \/><\/div><\/a>\n\t\t\t\t<div class=\"elementor-post__text\">\n\t\t\t\t<h3 class=\"elementor-post__title\">\n\t\t\t<a href=\"https:\/\/www.gongyougroup.com\/es\/pocos-conocimientos-sobre-polipastos-electricos\/\" >\n\t\t\t\tPocos conocimientos sobre polipastos el\u00e9ctricos\t\t\t<\/a>\n\t\t<\/h3>\n\t\t\t\t<div class=\"elementor-post__excerpt\">\n\t\t\t<p>En los tiempos que corren, no se puede exagerar el valor de los equipos de elevaci\u00f3n. Los equipos de elevaci\u00f3n incluyen una variedad de accesorios<\/p>\n\t\t<\/div>\n\t\t\n\t\t<a class=\"elementor-post__read-more\" href=\"https:\/\/www.gongyougroup.com\/es\/pocos-conocimientos-sobre-polipastos-electricos\/\" aria-label=\"Read more about Pocos conocimientos sobre polipastos el\u00e9ctricos\" tabindex=\"-1\" >\n\t\t\tLee mas \"\t\t<\/a>\n\n\t\t\t\t<\/div>\n\t\t\t\t<div class=\"elementor-post__meta-data\">\n\t\t\t\t\t<span class=\"elementor-post-date\">\n\t\t\tenero 11, 2023\t\t<\/span>\n\t\t\t\t<span class=\"elementor-post-avatar\">\n\t\t\tNo hay comentarios\t\t<\/span>\n\t\t\t\t<\/div>\n\t\t\t\t\t<\/div>\n\t\t<\/article>\n\t\t\t\t<article class=\"elementor-post elementor-grid-item post-5336 post type-post status-publish format-standard has-post-thumbnail hentry category-sobre-el-producto tag-apilador-manual-cty-e tag-apiladores-manuales tag-transpaletas-gongyougroup\">\n\t\t\t<div class=\"elementor-post__card\">\n\t\t\t\t<a class=\"elementor-post__thumbnail__link\" href=\"https:\/\/www.gongyougroup.com\/es\/poca-informacion-sobre-el-apilador-manual\/\" tabindex=\"-1\" ><div class=\"elementor-post__thumbnail\"><img loading=\"lazy\" decoding=\"async\" width=\"592\" height=\"391\" src=\"https:\/\/www.gongyougroup.com\/wp-content\/uploads\/2022\/12\/31.jpg\" class=\"attachment-medium size-medium wp-image-5281\" alt=\"\" \/><\/div><\/a>\n\t\t\t\t<div class=\"elementor-post__text\">\n\t\t\t\t<h3 class=\"elementor-post__title\">\n\t\t\t<a href=\"https:\/\/www.gongyougroup.com\/es\/poca-informacion-sobre-el-apilador-manual\/\" >\n\t\t\t\tPoca informaci\u00f3n sobre el apilador manual\t\t\t<\/a>\n\t\t<\/h3>\n\t\t\t\t<div class=\"elementor-post__excerpt\">\n\t\t\t<p>Hoy en d\u00eda, el hombre ha desarrollado una amplia gama de equipos y maquinaria para hacer la vida m\u00e1s f\u00e1cil. La manipulaci\u00f3n de materiales es<\/p>\n\t\t<\/div>\n\t\t\n\t\t<a class=\"elementor-post__read-more\" href=\"https:\/\/www.gongyougroup.com\/es\/poca-informacion-sobre-el-apilador-manual\/\" aria-label=\"Read more about Poca informaci\u00f3n sobre el apilador manual\" tabindex=\"-1\" >\n\t\t\tLee mas \"\t\t<\/a>\n\n\t\t\t\t<\/div>\n\t\t\t\t<div class=\"elementor-post__meta-data\">\n\t\t\t\t\t<span class=\"elementor-post-date\">\n\t\t\tdiciembre 27, 2022\t\t<\/span>\n\t\t\t\t<span class=\"elementor-post-avatar\">\n\t\t\tNo hay comentarios\t\t<\/span>\n\t\t\t\t<\/div>\n\t\t\t\t\t<\/div>\n\t\t<\/article>\n\t\t\t\t<article class=\"elementor-post elementor-grid-item post-5363 post type-post status-publish format-standard has-post-thumbnail hentry category-sobre-el-producto tag-proveedor-de-transpaletas tag-proveedores-de-transpaletas tag-transpaleta\">\n\t\t\t<div class=\"elementor-post__card\">\n\t\t\t\t<a class=\"elementor-post__thumbnail__link\" href=\"https:\/\/www.gongyougroup.com\/es\/que-es-una-transpaleta-2\/\" tabindex=\"-1\" ><div class=\"elementor-post__thumbnail\"><img loading=\"lazy\" decoding=\"async\" width=\"787\" height=\"525\" src=\"https:\/\/www.gongyougroup.com\/wp-content\/uploads\/2022\/09\/7110315.png\" class=\"attachment-medium size-medium wp-image-5202\" alt=\"\" srcset=\"https:\/\/www.gongyougroup.com\/wp-content\/uploads\/2022\/09\/7110315.png 787w, https:\/\/www.gongyougroup.com\/wp-content\/uploads\/2022\/09\/7110315-768x512.png 768w, https:\/\/www.gongyougroup.com\/wp-content\/uploads\/2022\/09\/7110315-600x400.png 600w\" sizes=\"(max-width: 787px) 100vw, 787px\" \/><\/div><\/a>\n\t\t\t\t<div class=\"elementor-post__text\">\n\t\t\t\t<h3 class=\"elementor-post__title\">\n\t\t\t<a href=\"https:\/\/www.gongyougroup.com\/es\/que-es-una-transpaleta-2\/\" >\n\t\t\t\t\u00bfQu\u00e9 es una transpaleta?\t\t\t<\/a>\n\t\t<\/h3>\n\t\t\t\t<div class=\"elementor-post__excerpt\">\n\t\t\t<p>Una transpaleta es una m\u00e1quina o herramienta utilizada en almacenes y f\u00e1bricas para mover y elevar pal\u00e9s. Estas m\u00e1quinas pueden trasladar r\u00e1pidamente pal\u00e9s desde el<\/p>\n\t\t<\/div>\n\t\t\n\t\t<a class=\"elementor-post__read-more\" href=\"https:\/\/www.gongyougroup.com\/es\/que-es-una-transpaleta-2\/\" aria-label=\"Read more about \u00bfQu\u00e9 es una transpaleta?\" tabindex=\"-1\" >\n\t\t\tLee mas \"\t\t<\/a>\n\n\t\t\t\t<\/div>\n\t\t\t\t<div class=\"elementor-post__meta-data\">\n\t\t\t\t\t<span class=\"elementor-post-date\">\n\t\t\tdiciembre 13, 2022\t\t<\/span>\n\t\t\t\t<span class=\"elementor-post-avatar\">\n\t\t\tNo hay comentarios\t\t<\/span>\n\t\t\t\t<\/div>\n\t\t\t\t\t<\/div>\n\t\t<\/article>\n\t\t\t\t<\/div>\n\t\t\n\t\t\t\t<div class=\"e-load-more-anchor\" data-page=\"1\" data-max-page=\"4\" data-next-page=\"https:\/\/www.gongyougroup.com\/es\/wp-json\/wp\/v2\/pages\/4634\/page\/2\/\"><\/div>\n\t\t\t\t<nav class=\"elementor-pagination\" aria-label=\"Pagination\">\n\t\t\t<span aria-current=\"page\" class=\"page-numbers current\"><span class=\"elementor-screen-only\">Page<\/span>1<\/span>\n<a class=\"page-numbers\" href=\"https:\/\/www.gongyougroup.com\/es\/wp-json\/wp\/v2\/pages\/4634\/page\/2\/\"><span class=\"elementor-screen-only\">Page<\/span>2<\/a>\n<a class=\"page-numbers\" href=\"https:\/\/www.gongyougroup.com\/es\/wp-json\/wp\/v2\/pages\/4634\/page\/3\/\"><span class=\"elementor-screen-only\">Page<\/span>3<\/a>\n<a class=\"page-numbers\" href=\"https:\/\/www.gongyougroup.com\/es\/wp-json\/wp\/v2\/pages\/4634\/page\/4\/\"><span class=\"elementor-screen-only\">Page<\/span>4<\/a>\t\t<\/nav>\n\t\t\t\t<\/div>\n\t\t\t\t<\/div>\n\t\t\t\t\t<\/div>\n\t\t<\/div>\n\t\t\t\t\t<\/div>\n\t\t<\/section>\n\t\t\t\t<\/div>\n\t\t","protected":false},"excerpt":{"rendered":"<p>Blog y art\u00edculo Blog<\/p>\n","protected":false},"author":1,"featured_media":0,"parent":0,"menu_order":0,"comment_status":"closed","ping_status":"closed","template":"elementor_header_footer","meta":{"footnotes":""},"class_list":["post-4634","page","type-page","status-publish","hentry"],"yoast_head":"<!-- This site is optimized with the Yoast SEO Premium plugin v15.5 - https:\/\/yoast.com\/wordpress\/plugins\/seo\/ -->\n<title>Blog - Gongyougroup<\/title>\n<meta name=\"description\" content=\"Ahora, nuestros productos se han exportado a m\u00e1s de 60 pa\u00edses y regiones del mundo, como Europa, Am\u00e9rica, Medio Oriente, Asia y \u00c1frica.\" \/>\n<meta name=\"robots\" content=\"index, follow, max-snippet:-1, max-image-preview:large, max-video-preview:-1\" \/>\n<link rel=\"canonical\" href=\"https:\/\/www.gongyougroup.com\/es\/blog\/\" \/>\n<meta property=\"og:locale\" content=\"es_ES\" \/>\n<meta property=\"og:type\" content=\"article\" \/>\n<meta property=\"og:title\" content=\"Blog - Gongyougroup\" \/>\n<meta property=\"og:description\" content=\"Ahora, nuestros productos se han exportado a m\u00e1s de 60 pa\u00edses y regiones del mundo, como Europa, Am\u00e9rica, Medio Oriente, Asia y \u00c1frica.\" \/>\n<meta property=\"og:url\" content=\"https:\/\/www.gongyougroup.com\/es\/blog\/\" \/>\n<meta property=\"og:site_name\" content=\"Gongyougroup\" \/>\n<meta property=\"article:modified_time\" content=\"2023-01-11T08:19:31+00:00\" \/>\n<meta name=\"twitter:card\" content=\"summary_large_image\" \/>\n<meta name=\"twitter:label1\" content=\"Tiempo de lectura\">\n\t<meta name=\"twitter:data1\" content=\"0 minutos\">\n<script type=\"application\/ld+json\" class=\"yoast-schema-graph\">{\"@context\":\"https:\/\/schema.org\",\"@graph\":[{\"@type\":\"WebSite\",\"@id\":\"https:\/\/www.gongyougroup.com\/es\/#website\",\"url\":\"https:\/\/www.gongyougroup.com\/es\/\",\"name\":\"Gongyougroup\",\"description\":\"Engaged in the production of various lifting products\",\"potentialAction\":[{\"@type\":\"SearchAction\",\"target\":\"https:\/\/www.gongyougroup.com\/es\/?s={search_term_string}\",\"query-input\":\"required name=search_term_string\"}],\"inLanguage\":\"es\"},{\"@type\":\"WebPage\",\"@id\":\"https:\/\/www.gongyougroup.com\/es\/blog\/#webpage\",\"url\":\"https:\/\/www.gongyougroup.com\/es\/blog\/\",\"name\":\"Blog - Gongyougroup\",\"isPartOf\":{\"@id\":\"https:\/\/www.gongyougroup.com\/es\/#website\"},\"datePublished\":\"2022-02-23T11:28:15+00:00\",\"dateModified\":\"2023-01-11T08:19:31+00:00\",\"description\":\"Ahora, nuestros productos se han exportado a m\\u00e1s de 60 pa\\u00edses y regiones del mundo, como Europa, Am\\u00e9rica, Medio Oriente, Asia y \\u00c1frica.\",\"inLanguage\":\"es\",\"potentialAction\":[{\"@type\":\"ReadAction\",\"target\":[\"https:\/\/www.gongyougroup.com\/es\/blog\/\"]}]}]}<\/script>\n<!-- \/ Yoast SEO Premium plugin. -->","_links":{"self":[{"href":"https:\/\/www.gongyougroup.com\/es\/wp-json\/wp\/v2\/pages\/4634","targetHints":{"allow":["GET"]}}],"collection":[{"href":"https:\/\/www.gongyougroup.com\/es\/wp-json\/wp\/v2\/pages"}],"about":[{"href":"https:\/\/www.gongyougroup.com\/es\/wp-json\/wp\/v2\/types\/page"}],"author":[{"embeddable":true,"href":"https:\/\/www.gongyougroup.com\/es\/wp-json\/wp\/v2\/users\/1"}],"replies":[{"embeddable":true,"href":"https:\/\/www.gongyougroup.com\/es\/wp-json\/wp\/v2\/comments?post=4634"}],"version-history":[{"count":0,"href":"https:\/\/www.gongyougroup.com\/es\/wp-json\/wp\/v2\/pages\/4634\/revisions"}],"wp:attachment":[{"href":"https:\/\/www.gongyougroup.com\/es\/wp-json\/wp\/v2\/media?parent=4634"}],"curies":[{"name":"wp","href":"https:\/\/api.w.org\/{rel}","templated":true}]}}