{"id":12000,"date":"2024-03-13T03:44:48","date_gmt":"2024-03-13T03:44:48","guid":{"rendered":"https:\/\/www.gongyougroup.com\/products\/transpaleta-hidraulica-manual-de-5-toneladas\/"},"modified":"2024-03-13T03:44:48","modified_gmt":"2024-03-13T03:44:48","slug":"transpaleta-hidraulica-manual-de-5-toneladas","status":"publish","type":"product","link":"https:\/\/www.gongyougroup.com\/es\/products\/transpaleta-hidraulica-manual-de-5-toneladas\/","title":{"rendered":"Transpaleta hidr\u00e1ulica manual de 5 toneladas"},"content":{"rendered":"<p><img fetchpriority=\"high\" decoding=\"async\" class=\"alignnone size-full wp-image-9283\" src=\"https:\/\/www.gongyougroup.com\/wp-content\/uploads\/2023\/08\/S.O-xq01.jpg\" alt=\"\" width=\"750\" height=\"672\" srcset=\"https:\/\/www.gongyougroup.com\/wp-content\/uploads\/2023\/08\/S.O-xq01.jpg 750w, https:\/\/www.gongyougroup.com\/wp-content\/uploads\/2023\/08\/S.O-xq01-600x538.jpg 600w\" sizes=\"(max-width: 750px) 100vw, 750px\" \/><img decoding=\"async\" class=\"alignnone size-full wp-image-11929\" src=\"https:\/\/www.gongyougroup.com\/wp-content\/uploads\/2024\/03\/S.O-zt39.jpg\" alt=\"\" width=\"750\" height=\"750\" srcset=\"https:\/\/www.gongyougroup.com\/wp-content\/uploads\/2024\/03\/S.O-zt39.jpg 750w, https:\/\/www.gongyougroup.com\/wp-content\/uploads\/2024\/03\/S.O-zt39-150x150.jpg 150w, https:\/\/www.gongyougroup.com\/wp-content\/uploads\/2024\/03\/S.O-zt39-300x300.jpg 300w, https:\/\/www.gongyougroup.com\/wp-content\/uploads\/2024\/03\/S.O-zt39-600x600.jpg 600w, https:\/\/www.gongyougroup.com\/wp-content\/uploads\/2024\/03\/S.O-zt39-100x100.jpg 100w\" sizes=\"(max-width: 750px) 100vw, 750px\" \/><img decoding=\"async\" class=\"alignnone size-full wp-image-9286\" src=\"https:\/\/www.gongyougroup.com\/wp-content\/uploads\/2023\/08\/S.O-xq02.jpg\" alt=\"\" width=\"750\" height=\"783\" srcset=\"https:\/\/www.gongyougroup.com\/wp-content\/uploads\/2023\/08\/S.O-xq02.jpg 750w, https:\/\/www.gongyougroup.com\/wp-content\/uploads\/2023\/08\/S.O-xq02-600x626.jpg 600w\" sizes=\"(max-width: 750px) 100vw, 750px\" \/> <img loading=\"lazy\" decoding=\"async\" class=\"alignnone size-full wp-image-9289\" src=\"https:\/\/www.gongyougroup.com\/wp-content\/uploads\/2023\/08\/S.O-xq03.jpg\" alt=\"\" width=\"750\" height=\"796\" srcset=\"https:\/\/www.gongyougroup.com\/wp-content\/uploads\/2023\/08\/S.O-xq03.jpg 750w, https:\/\/www.gongyougroup.com\/wp-content\/uploads\/2023\/08\/S.O-xq03-600x637.jpg 600w\" sizes=\"(max-width: 750px) 100vw, 750px\" \/> <img loading=\"lazy\" decoding=\"async\" class=\"alignnone size-full wp-image-9295\" src=\"https:\/\/www.gongyougroup.com\/wp-content\/uploads\/2023\/08\/S.O-xq05.jpg\" alt=\"\" width=\"754\" height=\"786\" srcset=\"https:\/\/www.gongyougroup.com\/wp-content\/uploads\/2023\/08\/S.O-xq05.jpg 754w, https:\/\/www.gongyougroup.com\/wp-content\/uploads\/2023\/08\/S.O-xq05-600x625.jpg 600w\" sizes=\"(max-width: 754px) 100vw, 754px\" \/> <img loading=\"lazy\" decoding=\"async\" class=\"alignnone size-full wp-image-9298\" src=\"https:\/\/www.gongyougroup.com\/wp-content\/uploads\/2023\/08\/S.O-xq06.jpg\" alt=\"\" width=\"750\" height=\"537\" srcset=\"https:\/\/www.gongyougroup.com\/wp-content\/uploads\/2023\/08\/S.O-xq06.jpg 750w, https:\/\/www.gongyougroup.com\/wp-content\/uploads\/2023\/08\/S.O-xq06-600x430.jpg 600w\" sizes=\"(max-width: 750px) 100vw, 750px\" \/> <img loading=\"lazy\" decoding=\"async\" class=\"alignnone size-full wp-image-9301\" src=\"https:\/\/www.gongyougroup.com\/wp-content\/uploads\/2023\/08\/S.O-xq07.jpg\" alt=\"\" width=\"750\" height=\"783\" srcset=\"https:\/\/www.gongyougroup.com\/wp-content\/uploads\/2023\/08\/S.O-xq07.jpg 750w, https:\/\/www.gongyougroup.com\/wp-content\/uploads\/2023\/08\/S.O-xq07-600x626.jpg 600w\" sizes=\"(max-width: 750px) 100vw, 750px\" \/> <img loading=\"lazy\" decoding=\"async\" class=\"alignnone size-full wp-image-9304\" src=\"https:\/\/www.gongyougroup.com\/wp-content\/uploads\/2023\/08\/S.O-xq08.jpg\" alt=\"\" width=\"750\" height=\"709\" srcset=\"https:\/\/www.gongyougroup.com\/wp-content\/uploads\/2023\/08\/S.O-xq08.jpg 750w, https:\/\/www.gongyougroup.com\/wp-content\/uploads\/2023\/08\/S.O-xq08-600x567.jpg 600w\" sizes=\"(max-width: 750px) 100vw, 750px\" \/><\/p>\n<p><img loading=\"lazy\" decoding=\"async\" class=\"alignnone size-full wp-image-5517\" src=\"https:\/\/www.gongyougroup.com\/wp-content\/uploads\/2023\/03\/%E5%85%AC%E5%85%B1%E8%AF%A6%E6%83%85%E9%A1%B501%E5%85%AC%E5%8F%B8.jpg\" alt=\"\" width=\"750\" height=\"636\"> <img loading=\"lazy\" decoding=\"async\" class=\"alignnone size-full wp-image-5520\" src=\"https:\/\/www.gongyougroup.com\/wp-content\/uploads\/2023\/03\/%E5%85%AC%E5%85%B1%E8%AF%A6%E6%83%85%E9%A1%B502%E8%BD%A6%E9%97%B4.jpg\" alt=\"\" width=\"750\" height=\"1012\"> <img loading=\"lazy\" decoding=\"async\" class=\"alignnone size-full wp-image-5523\" src=\"https:\/\/www.gongyougroup.com\/wp-content\/uploads\/2023\/03\/%E5%85%AC%E5%85%B1%E8%AF%A6%E6%83%85%E9%A1%B503%E4%BB%93%E5%BA%93.jpg\" alt=\"\" width=\"750\" height=\"477\"><img loading=\"lazy\" decoding=\"async\" class=\"alignnone size-full wp-image-8820\" src=\"https:\/\/www.gongyougroup.com\/wp-content\/uploads\/2023\/08\/DF-xq12.jpg\" alt=\"\" width=\"750\" height=\"1117\" srcset=\"https:\/\/www.gongyougroup.com\/wp-content\/uploads\/2023\/08\/DF-xq12.jpg 750w, https:\/\/www.gongyougroup.com\/wp-content\/uploads\/2023\/08\/DF-xq12-600x894.jpg 600w\" sizes=\"(max-width: 750px) 100vw, 750px\" \/> <img loading=\"lazy\" decoding=\"async\" class=\"alignnone size-full wp-image-8823\" src=\"https:\/\/www.gongyougroup.com\/wp-content\/uploads\/2023\/08\/DF-xq13.jpg\" alt=\"\" width=\"750\" height=\"1385\" srcset=\"https:\/\/www.gongyougroup.com\/wp-content\/uploads\/2023\/08\/DF-xq13.jpg 750w, https:\/\/www.gongyougroup.com\/wp-content\/uploads\/2023\/08\/DF-xq13-600x1108.jpg 600w\" sizes=\"(max-width: 750px) 100vw, 750px\" \/> <img loading=\"lazy\" decoding=\"async\" class=\"alignnone size-full wp-image-8826\" src=\"https:\/\/www.gongyougroup.com\/wp-content\/uploads\/2023\/08\/DF-xq14.jpg\" alt=\"\" width=\"750\" height=\"1422\" srcset=\"https:\/\/www.gongyougroup.com\/wp-content\/uploads\/2023\/08\/DF-xq14.jpg 750w, https:\/\/www.gongyougroup.com\/wp-content\/uploads\/2023\/08\/DF-xq14-600x1138.jpg 600w\" sizes=\"(max-width: 750px) 100vw, 750px\" \/> <img loading=\"lazy\" decoding=\"async\" class=\"alignnone size-full wp-image-8829\" src=\"https:\/\/www.gongyougroup.com\/wp-content\/uploads\/2023\/08\/DF-xq15.jpg\" alt=\"\" width=\"750\" height=\"918\" srcset=\"https:\/\/www.gongyougroup.com\/wp-content\/uploads\/2023\/08\/DF-xq15.jpg 750w, https:\/\/www.gongyougroup.com\/wp-content\/uploads\/2023\/08\/DF-xq15-600x734.jpg 600w\" sizes=\"(max-width: 750px) 100vw, 750px\" \/> <img loading=\"lazy\" decoding=\"async\" class=\"alignnone size-full wp-image-8832\" src=\"https:\/\/www.gongyougroup.com\/wp-content\/uploads\/2023\/08\/DF-xq16.jpg\" alt=\"\" width=\"750\" height=\"244\" srcset=\"https:\/\/www.gongyougroup.com\/wp-content\/uploads\/2023\/08\/DF-xq16.jpg 750w, https:\/\/www.gongyougroup.com\/wp-content\/uploads\/2023\/08\/DF-xq16-600x195.jpg 600w\" sizes=\"(max-width: 750px) 100vw, 750px\" \/><\/p>\n","protected":false},"excerpt":{"rendered":"<p>1. V\u00e1lvula de descenso especial.<br \/>\n2. Volantes flexibles.<br \/>\n3. Varillas de empuje de acero macizo ajustables.<br \/>\n4. Construcci\u00f3n de acero resistente.<br \/>\n5. Unidad de bomba de pist\u00f3n supergrande.<\/p>\n","protected":false},"featured_media":11918,"template":"","meta":[],"product_cat":[713],"product_tag":[719,726,716],"class_list":["post-12000","product","type-product","status-publish","has-post-thumbnail","hentry","product_cat-transpaleta-manual-es","product_tag-transpaleta-de-5-toneladas","product_tag-transpaleta-hidraulica-manual","product_tag-transpaleta-manual-es"],"yoast_head":"<!-- This site is optimized with the Yoast SEO Premium plugin v15.5 - https:\/\/yoast.com\/wordpress\/plugins\/seo\/ -->\n<title>Transpaleta hidr\u00e1ulica manual de 5 toneladas - Gongyougroup<\/title>\n<meta name=\"robots\" content=\"index, follow, max-snippet:-1, max-image-preview:large, max-video-preview:-1\" \/>\n<link rel=\"canonical\" href=\"https:\/\/www.gongyougroup.com\/es\/products\/transpaleta-hidraulica-manual-de-5-toneladas\/\" \/>\n<meta property=\"og:locale\" content=\"es_ES\" \/>\n<meta property=\"og:type\" content=\"article\" \/>\n<meta property=\"og:title\" content=\"Transpaleta hidr\u00e1ulica manual de 5 toneladas - Gongyougroup\" \/>\n<meta property=\"og:description\" content=\"1. V\u00e1lvula de descenso especial. 2. Volantes flexibles. 3. Varillas de empuje de acero macizo ajustables. 4. Construcci\u00f3n de acero resistente. 5. Unidad de bomba de pist\u00f3n supergrande.\" \/>\n<meta property=\"og:url\" content=\"https:\/\/www.gongyougroup.com\/es\/products\/transpaleta-hidraulica-manual-de-5-toneladas\/\" \/>\n<meta property=\"og:site_name\" content=\"Gongyougroup\" \/>\n<meta property=\"og:image\" content=\"https:\/\/www.gongyougroup.com\/wp-content\/uploads\/2023\/08\/S.O-xq01.jpg\" \/>\n<meta name=\"twitter:card\" content=\"summary_large_image\" \/>\n<meta name=\"twitter:label1\" content=\"Tiempo de lectura\">\n\t<meta name=\"twitter:data1\" content=\"0 minutos\">\n<script type=\"application\/ld+json\" class=\"yoast-schema-graph\">{\"@context\":\"https:\/\/schema.org\",\"@graph\":[{\"@type\":\"WebSite\",\"@id\":\"https:\/\/www.gongyougroup.com\/es\/#website\",\"url\":\"https:\/\/www.gongyougroup.com\/es\/\",\"name\":\"Gongyougroup\",\"description\":\"Engaged in the production of various lifting products\",\"potentialAction\":[{\"@type\":\"SearchAction\",\"target\":\"https:\/\/www.gongyougroup.com\/es\/?s={search_term_string}\",\"query-input\":\"required name=search_term_string\"}],\"inLanguage\":\"es\"},{\"@type\":\"ImageObject\",\"@id\":\"https:\/\/www.gongyougroup.com\/es\/products\/transpaleta-hidraulica-manual-de-5-toneladas\/#primaryimage\",\"inLanguage\":\"es\",\"url\":\"https:\/\/www.gongyougroup.com\/wp-content\/uploads\/2024\/03\/S.O-zt35.jpg\",\"width\":700,\"height\":700},{\"@type\":\"WebPage\",\"@id\":\"https:\/\/www.gongyougroup.com\/es\/products\/transpaleta-hidraulica-manual-de-5-toneladas\/#webpage\",\"url\":\"https:\/\/www.gongyougroup.com\/es\/products\/transpaleta-hidraulica-manual-de-5-toneladas\/\",\"name\":\"Transpaleta hidr\\u00e1ulica manual de 5 toneladas - Gongyougroup\",\"isPartOf\":{\"@id\":\"https:\/\/www.gongyougroup.com\/es\/#website\"},\"primaryImageOfPage\":{\"@id\":\"https:\/\/www.gongyougroup.com\/es\/products\/transpaleta-hidraulica-manual-de-5-toneladas\/#primaryimage\"},\"datePublished\":\"2024-03-13T03:44:48+00:00\",\"dateModified\":\"2024-03-13T03:44:48+00:00\",\"inLanguage\":\"es\",\"potentialAction\":[{\"@type\":\"ReadAction\",\"target\":[\"https:\/\/www.gongyougroup.com\/es\/products\/transpaleta-hidraulica-manual-de-5-toneladas\/\"]}]}]}<\/script>\n<!-- \/ Yoast SEO Premium plugin. -->","_links":{"self":[{"href":"https:\/\/www.gongyougroup.com\/es\/wp-json\/wp\/v2\/product\/12000","targetHints":{"allow":["GET"]}}],"collection":[{"href":"https:\/\/www.gongyougroup.com\/es\/wp-json\/wp\/v2\/product"}],"about":[{"href":"https:\/\/www.gongyougroup.com\/es\/wp-json\/wp\/v2\/types\/product"}],"wp:featuredmedia":[{"embeddable":true,"href":"https:\/\/www.gongyougroup.com\/es\/wp-json\/wp\/v2\/media\/11918"}],"wp:attachment":[{"href":"https:\/\/www.gongyougroup.com\/es\/wp-json\/wp\/v2\/media?parent=12000"}],"wp:term":[{"taxonomy":"product_cat","embeddable":true,"href":"https:\/\/www.gongyougroup.com\/es\/wp-json\/wp\/v2\/product_cat?post=12000"},{"taxonomy":"product_tag","embeddable":true,"href":"https:\/\/www.gongyougroup.com\/es\/wp-json\/wp\/v2\/product_tag?post=12000"}],"curies":[{"name":"wp","href":"https:\/\/api.w.org\/{rel}","templated":true}]}}