{"id":12003,"date":"2024-02-21T00:54:36","date_gmt":"2024-02-21T00:54:36","guid":{"rendered":"https:\/\/www.gongyougroup.com\/products\/anticaidas-de-cable-metalico-antirrotacion\/"},"modified":"2024-02-21T00:54:36","modified_gmt":"2024-02-21T00:54:36","slug":"antirrotacion-cuerda-de-alambre-retencion-de-caidas","status":"publish","type":"product","link":"https:\/\/www.gongyougroup.com\/es\/products\/antirrotacion-cuerda-de-alambre-retencion-de-caidas\/","title":{"rendered":"Antica\u00eddas de cable met\u00e1lico antirrotaci\u00f3n"},"content":{"rendered":"<p><img fetchpriority=\"high\" decoding=\"async\" class=\"alignnone size-full wp-image-11668\" src=\"https:\/\/www.gongyougroup.com\/wp-content\/uploads\/2024\/02\/FZQ-xq01.jpg\" alt=\"\" width=\"750\" height=\"252\" srcset=\"https:\/\/www.gongyougroup.com\/wp-content\/uploads\/2024\/02\/FZQ-xq01.jpg 750w, https:\/\/www.gongyougroup.com\/wp-content\/uploads\/2024\/02\/FZQ-xq01-600x202.jpg 600w\" sizes=\"(max-width: 750px) 100vw, 750px\" \/> <img decoding=\"async\" class=\"alignnone size-full wp-image-11671\" src=\"https:\/\/www.gongyougroup.com\/wp-content\/uploads\/2024\/02\/FZQ-xq02.jpg\" alt=\"\" width=\"750\" height=\"767\" srcset=\"https:\/\/www.gongyougroup.com\/wp-content\/uploads\/2024\/02\/FZQ-xq02.jpg 750w, https:\/\/www.gongyougroup.com\/wp-content\/uploads\/2024\/02\/FZQ-xq02-600x614.jpg 600w\" sizes=\"(max-width: 750px) 100vw, 750px\" \/> <img decoding=\"async\" class=\"alignnone size-full wp-image-11674\" src=\"https:\/\/www.gongyougroup.com\/wp-content\/uploads\/2024\/02\/FZQ-xq03.jpg\" alt=\"\" width=\"750\" height=\"750\" srcset=\"https:\/\/www.gongyougroup.com\/wp-content\/uploads\/2024\/02\/FZQ-xq03.jpg 750w, https:\/\/www.gongyougroup.com\/wp-content\/uploads\/2024\/02\/FZQ-xq03-150x150.jpg 150w, https:\/\/www.gongyougroup.com\/wp-content\/uploads\/2024\/02\/FZQ-xq03-300x300.jpg 300w, https:\/\/www.gongyougroup.com\/wp-content\/uploads\/2024\/02\/FZQ-xq03-600x600.jpg 600w, https:\/\/www.gongyougroup.com\/wp-content\/uploads\/2024\/02\/FZQ-xq03-100x100.jpg 100w\" sizes=\"(max-width: 750px) 100vw, 750px\" \/> <img loading=\"lazy\" decoding=\"async\" class=\"alignnone size-full wp-image-11677\" src=\"https:\/\/www.gongyougroup.com\/wp-content\/uploads\/2024\/02\/FZQ-xq04.jpg\" alt=\"\" width=\"750\" height=\"647\" srcset=\"https:\/\/www.gongyougroup.com\/wp-content\/uploads\/2024\/02\/FZQ-xq04.jpg 750w, https:\/\/www.gongyougroup.com\/wp-content\/uploads\/2024\/02\/FZQ-xq04-600x518.jpg 600w\" sizes=\"(max-width: 750px) 100vw, 750px\" \/> <img loading=\"lazy\" decoding=\"async\" class=\"alignnone size-full wp-image-11680\" src=\"https:\/\/www.gongyougroup.com\/wp-content\/uploads\/2024\/02\/FZQ-xq05.jpg\" alt=\"\" width=\"750\" height=\"786\" srcset=\"https:\/\/www.gongyougroup.com\/wp-content\/uploads\/2024\/02\/FZQ-xq05.jpg 750w, https:\/\/www.gongyougroup.com\/wp-content\/uploads\/2024\/02\/FZQ-xq05-600x629.jpg 600w\" sizes=\"(max-width: 750px) 100vw, 750px\" \/> <img loading=\"lazy\" decoding=\"async\" class=\"alignnone size-full wp-image-11683\" src=\"https:\/\/www.gongyougroup.com\/wp-content\/uploads\/2024\/02\/FZQ-xq06.jpg\" alt=\"\" width=\"750\" height=\"932\" srcset=\"https:\/\/www.gongyougroup.com\/wp-content\/uploads\/2024\/02\/FZQ-xq06.jpg 750w, https:\/\/www.gongyougroup.com\/wp-content\/uploads\/2024\/02\/FZQ-xq06-600x746.jpg 600w\" sizes=\"(max-width: 750px) 100vw, 750px\" \/> <img loading=\"lazy\" decoding=\"async\" class=\"alignnone size-full wp-image-11686\" src=\"https:\/\/www.gongyougroup.com\/wp-content\/uploads\/2024\/02\/FZQ-xq07.jpg\" alt=\"\" width=\"750\" height=\"313\" srcset=\"https:\/\/www.gongyougroup.com\/wp-content\/uploads\/2024\/02\/FZQ-xq07.jpg 750w, https:\/\/www.gongyougroup.com\/wp-content\/uploads\/2024\/02\/FZQ-xq07-600x250.jpg 600w\" sizes=\"(max-width: 750px) 100vw, 750px\" \/> <img loading=\"lazy\" decoding=\"async\" class=\"alignnone size-full wp-image-11689\" src=\"https:\/\/www.gongyougroup.com\/wp-content\/uploads\/2024\/02\/FZQ-xq08.jpg\" alt=\"\" width=\"750\" height=\"750\" srcset=\"https:\/\/www.gongyougroup.com\/wp-content\/uploads\/2024\/02\/FZQ-xq08.jpg 750w, https:\/\/www.gongyougroup.com\/wp-content\/uploads\/2024\/02\/FZQ-xq08-150x150.jpg 150w, https:\/\/www.gongyougroup.com\/wp-content\/uploads\/2024\/02\/FZQ-xq08-300x300.jpg 300w, https:\/\/www.gongyougroup.com\/wp-content\/uploads\/2024\/02\/FZQ-xq08-600x600.jpg 600w, https:\/\/www.gongyougroup.com\/wp-content\/uploads\/2024\/02\/FZQ-xq08-100x100.jpg 100w\" sizes=\"(max-width: 750px) 100vw, 750px\" \/> <img loading=\"lazy\" decoding=\"async\" class=\"alignnone size-full wp-image-11692\" src=\"https:\/\/www.gongyougroup.com\/wp-content\/uploads\/2024\/02\/FZQ-xq09.jpg\" alt=\"\" width=\"750\" height=\"886\" srcset=\"https:\/\/www.gongyougroup.com\/wp-content\/uploads\/2024\/02\/FZQ-xq09.jpg 750w, https:\/\/www.gongyougroup.com\/wp-content\/uploads\/2024\/02\/FZQ-xq09-600x709.jpg 600w\" sizes=\"(max-width: 750px) 100vw, 750px\" \/> <img loading=\"lazy\" decoding=\"async\" class=\"alignnone size-full wp-image-11695\" src=\"https:\/\/www.gongyougroup.com\/wp-content\/uploads\/2024\/02\/FZQ-xq10.jpg\" alt=\"\" width=\"750\" height=\"772\" srcset=\"https:\/\/www.gongyougroup.com\/wp-content\/uploads\/2024\/02\/FZQ-xq10.jpg 750w, https:\/\/www.gongyougroup.com\/wp-content\/uploads\/2024\/02\/FZQ-xq10-600x618.jpg 600w\" sizes=\"(max-width: 750px) 100vw, 750px\" \/> <img loading=\"lazy\" decoding=\"async\" class=\"alignnone size-full wp-image-11698\" src=\"https:\/\/www.gongyougroup.com\/wp-content\/uploads\/2024\/02\/FZQ-xq11.jpg\" alt=\"\" width=\"750\" height=\"750\" srcset=\"https:\/\/www.gongyougroup.com\/wp-content\/uploads\/2024\/02\/FZQ-xq11.jpg 750w, https:\/\/www.gongyougroup.com\/wp-content\/uploads\/2024\/02\/FZQ-xq11-150x150.jpg 150w, https:\/\/www.gongyougroup.com\/wp-content\/uploads\/2024\/02\/FZQ-xq11-300x300.jpg 300w, https:\/\/www.gongyougroup.com\/wp-content\/uploads\/2024\/02\/FZQ-xq11-600x600.jpg 600w, https:\/\/www.gongyougroup.com\/wp-content\/uploads\/2024\/02\/FZQ-xq11-100x100.jpg 100w\" sizes=\"(max-width: 750px) 100vw, 750px\" \/> <img loading=\"lazy\" decoding=\"async\" class=\"alignnone size-full wp-image-11701\" src=\"https:\/\/www.gongyougroup.com\/wp-content\/uploads\/2024\/02\/FZQ-xq12.jpg\" alt=\"\" width=\"750\" height=\"473\" srcset=\"https:\/\/www.gongyougroup.com\/wp-content\/uploads\/2024\/02\/FZQ-xq12.jpg 750w, https:\/\/www.gongyougroup.com\/wp-content\/uploads\/2024\/02\/FZQ-xq12-600x378.jpg 600w\" sizes=\"(max-width: 750px) 100vw, 750px\" \/> <img loading=\"lazy\" decoding=\"async\" class=\"alignnone size-full wp-image-11704\" src=\"https:\/\/www.gongyougroup.com\/wp-content\/uploads\/2024\/02\/FZQ-xq13.jpg\" alt=\"\" width=\"750\" height=\"449\" srcset=\"https:\/\/www.gongyougroup.com\/wp-content\/uploads\/2024\/02\/FZQ-xq13.jpg 750w, https:\/\/www.gongyougroup.com\/wp-content\/uploads\/2024\/02\/FZQ-xq13-600x359.jpg 600w\" sizes=\"(max-width: 750px) 100vw, 750px\" \/><\/p>\n<p><img loading=\"lazy\" decoding=\"async\" class=\"alignnone size-full wp-image-5517\" src=\"https:\/\/www.gongyougroup.com\/wp-content\/uploads\/2023\/03\/%E5%85%AC%E5%85%B1%E8%AF%A6%E6%83%85%E9%A1%B501%E5%85%AC%E5%8F%B8.jpg\" alt=\"\" width=\"750\" height=\"636\"> <img loading=\"lazy\" decoding=\"async\" class=\"alignnone size-full wp-image-5520\" src=\"https:\/\/www.gongyougroup.com\/wp-content\/uploads\/2023\/03\/%E5%85%AC%E5%85%B1%E8%AF%A6%E6%83%85%E9%A1%B502%E8%BD%A6%E9%97%B4.jpg\" alt=\"\" width=\"750\" height=\"1012\"> <img loading=\"lazy\" decoding=\"async\" class=\"alignnone size-full wp-image-5523\" src=\"https:\/\/www.gongyougroup.com\/wp-content\/uploads\/2023\/03\/%E5%85%AC%E5%85%B1%E8%AF%A6%E6%83%85%E9%A1%B503%E4%BB%93%E5%BA%93.jpg\" alt=\"\" width=\"750\" height=\"477\"><img loading=\"lazy\" decoding=\"async\" class=\"alignnone size-full wp-image-9824\" src=\"https:\/\/www.gongyougroup.com\/wp-content\/uploads\/2023\/09\/Company-Exhibition-1.jpg\" alt=\"\" width=\"750\" height=\"590\" srcset=\"https:\/\/www.gongyougroup.com\/wp-content\/uploads\/2023\/09\/Company-Exhibition-1.jpg 750w, https:\/\/www.gongyougroup.com\/wp-content\/uploads\/2023\/09\/Company-Exhibition-1-600x472.jpg 600w\" sizes=\"(max-width: 750px) 100vw, 750px\" \/><img loading=\"lazy\" decoding=\"async\" class=\"alignnone size-full wp-image-11707\" src=\"https:\/\/www.gongyougroup.com\/wp-content\/uploads\/2024\/02\/product-application.jpg\" alt=\"\" width=\"750\" height=\"655\" srcset=\"https:\/\/www.gongyougroup.com\/wp-content\/uploads\/2024\/02\/product-application.jpg 750w, https:\/\/www.gongyougroup.com\/wp-content\/uploads\/2024\/02\/product-application-600x524.jpg 600w\" sizes=\"(max-width: 750px) 100vw, 750px\" \/><img loading=\"lazy\" decoding=\"async\" class=\"alignnone size-full wp-image-6272\" src=\"https:\/\/www.gongyougroup.com\/wp-content\/uploads\/2023\/05\/Company-Certifications.jpg\" alt=\"\" width=\"750\" height=\"1385\" srcset=\"https:\/\/www.gongyougroup.com\/wp-content\/uploads\/2023\/05\/Company-Certifications.jpg 750w, https:\/\/www.gongyougroup.com\/wp-content\/uploads\/2023\/05\/Company-Certifications-600x1108.jpg 600w\" sizes=\"(max-width: 750px) 100vw, 750px\" \/> <img loading=\"lazy\" decoding=\"async\" class=\"alignnone size-full wp-image-6281\" src=\"https:\/\/www.gongyougroup.com\/wp-content\/uploads\/2023\/05\/Packing-and-Shipping.jpg\" alt=\"\" width=\"750\" height=\"1422\" srcset=\"https:\/\/www.gongyougroup.com\/wp-content\/uploads\/2023\/05\/Packing-and-Shipping.jpg 750w, https:\/\/www.gongyougroup.com\/wp-content\/uploads\/2023\/05\/Packing-and-Shipping-600x1138.jpg 600w\" sizes=\"(max-width: 750px) 100vw, 750px\" \/> <img loading=\"lazy\" decoding=\"async\" class=\"alignnone size-full wp-image-6275\" src=\"https:\/\/www.gongyougroup.com\/wp-content\/uploads\/2023\/05\/Company-FAQ.jpg\" alt=\"\" width=\"750\" height=\"918\" srcset=\"https:\/\/www.gongyougroup.com\/wp-content\/uploads\/2023\/05\/Company-FAQ.jpg 750w, https:\/\/www.gongyougroup.com\/wp-content\/uploads\/2023\/05\/Company-FAQ-600x734.jpg 600w\" sizes=\"(max-width: 750px) 100vw, 750px\" \/> <img loading=\"lazy\" decoding=\"async\" class=\"alignnone size-full wp-image-6278\" src=\"https:\/\/www.gongyougroup.com\/wp-content\/uploads\/2023\/05\/Contact-us.jpg\" alt=\"\" width=\"750\" height=\"244\" srcset=\"https:\/\/www.gongyougroup.com\/wp-content\/uploads\/2023\/05\/Contact-us.jpg 750w, https:\/\/www.gongyougroup.com\/wp-content\/uploads\/2023\/05\/Contact-us-600x195.jpg 600w\" sizes=\"(max-width: 750px) 100vw, 750px\" \/><\/p>\n","protected":false},"excerpt":{"rendered":"<ol>\n<li>Cerradura doble mejorada.<\/li>\n<li>Gancho de elevaci\u00f3n inferior autobloqueante.<\/li>\n<li>Carcasa exterior de aleaci\u00f3n de acero engrosada.<\/li>\n<li>Hebilla de conexi\u00f3n de aleaci\u00f3n de acero de alta calidad.<\/li>\n<li>Cord\u00f3n de seguridad con funci\u00f3n ign\u00edfuga.<\/li>\n<li>Almohadilla de cuero antichoque de caucho resistente al desgaste.<\/li>\n<\/ol>\n","protected":false},"featured_media":11712,"template":"","meta":[],"product_cat":[717],"product_tag":[728,723,735],"class_list":["post-12003","product","type-product","status-publish","has-post-thumbnail","hentry","product_cat-herrajes-para-aparejos-es","product_tag-anticaidas-de-cuerda","product_tag-detencion-de-caidas","product_tag-equipos-anticaidas-profesionales"],"yoast_head":"<!-- This site is optimized with the Yoast SEO Premium plugin v15.5 - https:\/\/yoast.com\/wordpress\/plugins\/seo\/ -->\n<title>Antica\u00eddas de cable met\u00e1lico antirrotaci\u00f3n - Gongyougroup<\/title>\n<meta name=\"robots\" content=\"index, follow, max-snippet:-1, max-image-preview:large, max-video-preview:-1\" \/>\n<link rel=\"canonical\" href=\"https:\/\/www.gongyougroup.com\/es\/products\/antirrotacion-cuerda-de-alambre-retencion-de-caidas\/\" \/>\n<meta property=\"og:locale\" content=\"es_ES\" \/>\n<meta property=\"og:type\" content=\"article\" \/>\n<meta property=\"og:title\" content=\"Antica\u00eddas de cable met\u00e1lico antirrotaci\u00f3n - Gongyougroup\" \/>\n<meta property=\"og:description\" content=\"Cerradura doble mejorada.  Gancho de elevaci\u00f3n inferior autobloqueante.  Carcasa exterior de aleaci\u00f3n de acero engrosada.  Hebilla de conexi\u00f3n de aleaci\u00f3n de acero de alta calidad.  Cord\u00f3n de seguridad con funci\u00f3n ign\u00edfuga.  Almohadilla de cuero antichoque de caucho resistente al desgaste.\" \/>\n<meta property=\"og:url\" content=\"https:\/\/www.gongyougroup.com\/es\/products\/antirrotacion-cuerda-de-alambre-retencion-de-caidas\/\" \/>\n<meta property=\"og:site_name\" content=\"Gongyougroup\" \/>\n<meta property=\"og:image\" content=\"https:\/\/www.gongyougroup.com\/wp-content\/uploads\/2024\/02\/FZQ-xq01.jpg\" \/>\n<meta name=\"twitter:card\" content=\"summary_large_image\" \/>\n<meta name=\"twitter:label1\" content=\"Tiempo de lectura\">\n\t<meta name=\"twitter:data1\" content=\"0 minutos\">\n<script type=\"application\/ld+json\" class=\"yoast-schema-graph\">{\"@context\":\"https:\/\/schema.org\",\"@graph\":[{\"@type\":\"WebSite\",\"@id\":\"https:\/\/www.gongyougroup.com\/es\/#website\",\"url\":\"https:\/\/www.gongyougroup.com\/es\/\",\"name\":\"Gongyougroup\",\"description\":\"Engaged in the production of various lifting products\",\"potentialAction\":[{\"@type\":\"SearchAction\",\"target\":\"https:\/\/www.gongyougroup.com\/es\/?s={search_term_string}\",\"query-input\":\"required name=search_term_string\"}],\"inLanguage\":\"es\"},{\"@type\":\"ImageObject\",\"@id\":\"https:\/\/www.gongyougroup.com\/es\/products\/antirrotacion-cuerda-de-alambre-retencion-de-caidas\/#primaryimage\",\"inLanguage\":\"es\",\"url\":\"https:\/\/www.gongyougroup.com\/wp-content\/uploads\/2024\/02\/FZQ-zt01.jpg\",\"width\":700,\"height\":700},{\"@type\":\"WebPage\",\"@id\":\"https:\/\/www.gongyougroup.com\/es\/products\/antirrotacion-cuerda-de-alambre-retencion-de-caidas\/#webpage\",\"url\":\"https:\/\/www.gongyougroup.com\/es\/products\/antirrotacion-cuerda-de-alambre-retencion-de-caidas\/\",\"name\":\"Antica\\u00eddas de cable met\\u00e1lico antirrotaci\\u00f3n - Gongyougroup\",\"isPartOf\":{\"@id\":\"https:\/\/www.gongyougroup.com\/es\/#website\"},\"primaryImageOfPage\":{\"@id\":\"https:\/\/www.gongyougroup.com\/es\/products\/antirrotacion-cuerda-de-alambre-retencion-de-caidas\/#primaryimage\"},\"datePublished\":\"2024-02-21T00:54:36+00:00\",\"dateModified\":\"2024-02-21T00:54:36+00:00\",\"inLanguage\":\"es\",\"potentialAction\":[{\"@type\":\"ReadAction\",\"target\":[\"https:\/\/www.gongyougroup.com\/es\/products\/antirrotacion-cuerda-de-alambre-retencion-de-caidas\/\"]}]}]}<\/script>\n<!-- \/ Yoast SEO Premium plugin. -->","_links":{"self":[{"href":"https:\/\/www.gongyougroup.com\/es\/wp-json\/wp\/v2\/product\/12003","targetHints":{"allow":["GET"]}}],"collection":[{"href":"https:\/\/www.gongyougroup.com\/es\/wp-json\/wp\/v2\/product"}],"about":[{"href":"https:\/\/www.gongyougroup.com\/es\/wp-json\/wp\/v2\/types\/product"}],"wp:featuredmedia":[{"embeddable":true,"href":"https:\/\/www.gongyougroup.com\/es\/wp-json\/wp\/v2\/media\/11712"}],"wp:attachment":[{"href":"https:\/\/www.gongyougroup.com\/es\/wp-json\/wp\/v2\/media?parent=12003"}],"wp:term":[{"taxonomy":"product_cat","embeddable":true,"href":"https:\/\/www.gongyougroup.com\/es\/wp-json\/wp\/v2\/product_cat?post=12003"},{"taxonomy":"product_tag","embeddable":true,"href":"https:\/\/www.gongyougroup.com\/es\/wp-json\/wp\/v2\/product_tag?post=12003"}],"curies":[{"name":"wp","href":"https:\/\/api.w.org\/{rel}","templated":true}]}}