{"id":12024,"date":"2024-01-23T01:24:19","date_gmt":"2024-01-23T01:24:19","guid":{"rendered":"https:\/\/www.gongyougroup.com\/products\/plataforma-elevadora-de-trabajo-electrica\/"},"modified":"2024-01-23T01:24:19","modified_gmt":"2024-01-23T01:24:19","slug":"plataforma-elevadora-de-trabajo-electrica","status":"publish","type":"product","link":"https:\/\/www.gongyougroup.com\/es\/products\/plataforma-elevadora-de-trabajo-electrica\/","title":{"rendered":"Plataforma elevadora de trabajo el\u00e9ctrica"},"content":{"rendered":"<p><img fetchpriority=\"high\" decoding=\"async\" class=\"alignnone size-full wp-image-11477\" src=\"https:\/\/www.gongyougroup.com\/wp-content\/uploads\/2024\/01\/SJY-xq01.jpg\" alt=\"\" width=\"750\" height=\"598\" srcset=\"https:\/\/www.gongyougroup.com\/wp-content\/uploads\/2024\/01\/SJY-xq01.jpg 750w, https:\/\/www.gongyougroup.com\/wp-content\/uploads\/2024\/01\/SJY-xq01-600x478.jpg 600w\" sizes=\"(max-width: 750px) 100vw, 750px\" \/> <img decoding=\"async\" class=\"alignnone size-full wp-image-11480\" src=\"https:\/\/www.gongyougroup.com\/wp-content\/uploads\/2024\/01\/SJY-xq02.jpg\" alt=\"\" width=\"750\" height=\"765\" srcset=\"https:\/\/www.gongyougroup.com\/wp-content\/uploads\/2024\/01\/SJY-xq02.jpg 750w, https:\/\/www.gongyougroup.com\/wp-content\/uploads\/2024\/01\/SJY-xq02-600x612.jpg 600w\" sizes=\"(max-width: 750px) 100vw, 750px\" \/> <img decoding=\"async\" class=\"alignnone size-full wp-image-11483\" src=\"https:\/\/www.gongyougroup.com\/wp-content\/uploads\/2024\/01\/SJY-xq03.jpg\" alt=\"\" width=\"750\" height=\"820\" srcset=\"https:\/\/www.gongyougroup.com\/wp-content\/uploads\/2024\/01\/SJY-xq03.jpg 750w, https:\/\/www.gongyougroup.com\/wp-content\/uploads\/2024\/01\/SJY-xq03-600x656.jpg 600w\" sizes=\"(max-width: 750px) 100vw, 750px\" \/> <img loading=\"lazy\" decoding=\"async\" class=\"alignnone size-full wp-image-11486\" src=\"https:\/\/www.gongyougroup.com\/wp-content\/uploads\/2024\/01\/SJY-xq04.jpg\" alt=\"\" width=\"750\" height=\"726\" srcset=\"https:\/\/www.gongyougroup.com\/wp-content\/uploads\/2024\/01\/SJY-xq04.jpg 750w, https:\/\/www.gongyougroup.com\/wp-content\/uploads\/2024\/01\/SJY-xq04-600x581.jpg 600w\" sizes=\"(max-width: 750px) 100vw, 750px\" \/> <img loading=\"lazy\" decoding=\"async\" class=\"alignnone size-full wp-image-11489\" src=\"https:\/\/www.gongyougroup.com\/wp-content\/uploads\/2024\/01\/SJY-xq05.jpg\" alt=\"\" width=\"750\" height=\"711\" srcset=\"https:\/\/www.gongyougroup.com\/wp-content\/uploads\/2024\/01\/SJY-xq05.jpg 750w, https:\/\/www.gongyougroup.com\/wp-content\/uploads\/2024\/01\/SJY-xq05-600x569.jpg 600w\" sizes=\"(max-width: 750px) 100vw, 750px\" \/> <img loading=\"lazy\" decoding=\"async\" class=\"alignnone size-full wp-image-11492\" src=\"https:\/\/www.gongyougroup.com\/wp-content\/uploads\/2024\/01\/SJY-xq06.jpg\" alt=\"\" width=\"750\" height=\"689\" srcset=\"https:\/\/www.gongyougroup.com\/wp-content\/uploads\/2024\/01\/SJY-xq06.jpg 750w, https:\/\/www.gongyougroup.com\/wp-content\/uploads\/2024\/01\/SJY-xq06-600x551.jpg 600w\" sizes=\"(max-width: 750px) 100vw, 750px\" \/> <img loading=\"lazy\" decoding=\"async\" class=\"alignnone size-full wp-image-11495\" src=\"https:\/\/www.gongyougroup.com\/wp-content\/uploads\/2024\/01\/SJY-xq07.jpg\" alt=\"\" width=\"750\" height=\"711\" srcset=\"https:\/\/www.gongyougroup.com\/wp-content\/uploads\/2024\/01\/SJY-xq07.jpg 750w, https:\/\/www.gongyougroup.com\/wp-content\/uploads\/2024\/01\/SJY-xq07-600x569.jpg 600w\" sizes=\"(max-width: 750px) 100vw, 750px\" \/> <img loading=\"lazy\" decoding=\"async\" class=\"alignnone size-full wp-image-11498\" src=\"https:\/\/www.gongyougroup.com\/wp-content\/uploads\/2024\/01\/SJY-xq08.jpg\" alt=\"\" width=\"750\" height=\"900\" srcset=\"https:\/\/www.gongyougroup.com\/wp-content\/uploads\/2024\/01\/SJY-xq08.jpg 750w, https:\/\/www.gongyougroup.com\/wp-content\/uploads\/2024\/01\/SJY-xq08-600x720.jpg 600w\" sizes=\"(max-width: 750px) 100vw, 750px\" \/> <img loading=\"lazy\" decoding=\"async\" class=\"alignnone size-full wp-image-11501\" src=\"https:\/\/www.gongyougroup.com\/wp-content\/uploads\/2024\/01\/SJY-xq09.jpg\" alt=\"\" width=\"750\" height=\"741\" srcset=\"https:\/\/www.gongyougroup.com\/wp-content\/uploads\/2024\/01\/SJY-xq09.jpg 750w, https:\/\/www.gongyougroup.com\/wp-content\/uploads\/2024\/01\/SJY-xq09-600x593.jpg 600w, https:\/\/www.gongyougroup.com\/wp-content\/uploads\/2024\/01\/SJY-xq09-100x100.jpg 100w\" sizes=\"(max-width: 750px) 100vw, 750px\" \/> <img loading=\"lazy\" decoding=\"async\" class=\"alignnone size-full wp-image-11504\" src=\"https:\/\/www.gongyougroup.com\/wp-content\/uploads\/2024\/01\/SJY-xq10.jpg\" alt=\"\" width=\"750\" height=\"636\" srcset=\"https:\/\/www.gongyougroup.com\/wp-content\/uploads\/2024\/01\/SJY-xq10.jpg 750w, https:\/\/www.gongyougroup.com\/wp-content\/uploads\/2024\/01\/SJY-xq10-600x509.jpg 600w\" sizes=\"(max-width: 750px) 100vw, 750px\" \/><\/p>\n<p><img loading=\"lazy\" decoding=\"async\" class=\"alignnone size-full wp-image-5517\" src=\"https:\/\/www.gongyougroup.com\/wp-content\/uploads\/2023\/03\/%E5%85%AC%E5%85%B1%E8%AF%A6%E6%83%85%E9%A1%B501%E5%85%AC%E5%8F%B8.jpg\" alt=\"\" width=\"750\" height=\"636\"> <img loading=\"lazy\" decoding=\"async\" class=\"alignnone size-full wp-image-5520\" src=\"https:\/\/www.gongyougroup.com\/wp-content\/uploads\/2023\/03\/%E5%85%AC%E5%85%B1%E8%AF%A6%E6%83%85%E9%A1%B502%E8%BD%A6%E9%97%B4.jpg\" alt=\"\" width=\"750\" height=\"1012\"> <img loading=\"lazy\" decoding=\"async\" class=\"alignnone size-full wp-image-5523\" src=\"https:\/\/www.gongyougroup.com\/wp-content\/uploads\/2023\/03\/%E5%85%AC%E5%85%B1%E8%AF%A6%E6%83%85%E9%A1%B503%E4%BB%93%E5%BA%93.jpg\" alt=\"\" width=\"750\" height=\"477\"><img loading=\"lazy\" decoding=\"async\" class=\"alignnone size-full wp-image-9824\" src=\"https:\/\/www.gongyougroup.com\/wp-content\/uploads\/2023\/09\/Company-Exhibition-1.jpg\" alt=\"\" width=\"750\" height=\"590\" srcset=\"https:\/\/www.gongyougroup.com\/wp-content\/uploads\/2023\/09\/Company-Exhibition-1.jpg 750w, https:\/\/www.gongyougroup.com\/wp-content\/uploads\/2023\/09\/Company-Exhibition-1-600x472.jpg 600w\" sizes=\"(max-width: 750px) 100vw, 750px\" \/><img loading=\"lazy\" decoding=\"async\" class=\"alignnone size-full wp-image-11474\" src=\"https:\/\/www.gongyougroup.com\/wp-content\/uploads\/2024\/01\/Product-Application.jpg\" alt=\"\" width=\"750\" height=\"567\" srcset=\"https:\/\/www.gongyougroup.com\/wp-content\/uploads\/2024\/01\/Product-Application.jpg 750w, https:\/\/www.gongyougroup.com\/wp-content\/uploads\/2024\/01\/Product-Application-600x454.jpg 600w\" sizes=\"(max-width: 750px) 100vw, 750px\" \/><img loading=\"lazy\" decoding=\"async\" class=\"alignnone size-full wp-image-6272\" src=\"https:\/\/www.gongyougroup.com\/wp-content\/uploads\/2023\/05\/Company-Certifications.jpg\" alt=\"\" width=\"750\" height=\"1385\" srcset=\"https:\/\/www.gongyougroup.com\/wp-content\/uploads\/2023\/05\/Company-Certifications.jpg 750w, https:\/\/www.gongyougroup.com\/wp-content\/uploads\/2023\/05\/Company-Certifications-600x1108.jpg 600w\" sizes=\"(max-width: 750px) 100vw, 750px\" \/> <img loading=\"lazy\" decoding=\"async\" class=\"alignnone size-full wp-image-6281\" src=\"https:\/\/www.gongyougroup.com\/wp-content\/uploads\/2023\/05\/Packing-and-Shipping.jpg\" alt=\"\" width=\"750\" height=\"1422\" srcset=\"https:\/\/www.gongyougroup.com\/wp-content\/uploads\/2023\/05\/Packing-and-Shipping.jpg 750w, https:\/\/www.gongyougroup.com\/wp-content\/uploads\/2023\/05\/Packing-and-Shipping-600x1138.jpg 600w\" sizes=\"(max-width: 750px) 100vw, 750px\" \/> <img loading=\"lazy\" decoding=\"async\" class=\"alignnone size-full wp-image-6275\" src=\"https:\/\/www.gongyougroup.com\/wp-content\/uploads\/2023\/05\/Company-FAQ.jpg\" alt=\"\" width=\"750\" height=\"918\" srcset=\"https:\/\/www.gongyougroup.com\/wp-content\/uploads\/2023\/05\/Company-FAQ.jpg 750w, https:\/\/www.gongyougroup.com\/wp-content\/uploads\/2023\/05\/Company-FAQ-600x734.jpg 600w\" sizes=\"(max-width: 750px) 100vw, 750px\" \/> <img loading=\"lazy\" decoding=\"async\" class=\"alignnone size-full wp-image-6278\" src=\"https:\/\/www.gongyougroup.com\/wp-content\/uploads\/2023\/05\/Contact-us.jpg\" alt=\"\" width=\"750\" height=\"244\" srcset=\"https:\/\/www.gongyougroup.com\/wp-content\/uploads\/2023\/05\/Contact-us.jpg 750w, https:\/\/www.gongyougroup.com\/wp-content\/uploads\/2023\/05\/Contact-us-600x195.jpg 600w\" sizes=\"(max-width: 750px) 100vw, 750px\" \/><\/p>\n","protected":false},"excerpt":{"rendered":"<ol>\n<li>Equipado con v\u00e1lvula de ca\u00edda de emergencia.<\/li>\n<li>Estructura de acero al manganeso de alta resistencia.<\/li>\n<li>Dispositivo de protecci\u00f3n de seguridad para evitar sobrecargas.<\/li>\n<li>Mayor eficiencia de trabajo a gran altura y m\u00e1s seguro.<\/li>\n<li>Equipado con dispositivo de barandilla de seguridad para evitar ca\u00eddas.<\/li>\n<\/ol>\n","protected":false},"featured_media":11547,"template":"","meta":[],"product_cat":[779],"product_tag":[783,781,784],"class_list":["post-12024","product","type-product","status-publish","has-post-thumbnail","hentry","product_cat-mesa-elevadora-de-tijera","product_tag-motor-de-la-mesa-elevadora","product_tag-plataforma-elevadora-de-trabajo","product_tag-plataforma-elevadora-electrica-plegable-de-varios-modelos"],"yoast_head":"<!-- This site is optimized with the Yoast SEO Premium plugin v15.5 - https:\/\/yoast.com\/wordpress\/plugins\/seo\/ -->\n<title>Plataforma elevadora de trabajo el\u00e9ctrica - Gongyougroup<\/title>\n<meta name=\"description\" content=\"La mesa elevadora de tijera m\u00f3vil adopta una estructura mec\u00e1nica de tipo tijera para aportar una gran estabilidad despu\u00e9s de ser elevada. La amplia plataforma de operaci\u00f3n y la alta capacidad de carga han hecho que el trabajo en altura se organice y sea adecuado para la operaci\u00f3n simult\u00e1nea de varios trabajadores.\" \/>\n<meta name=\"robots\" content=\"index, follow, max-snippet:-1, max-image-preview:large, max-video-preview:-1\" \/>\n<link rel=\"canonical\" href=\"https:\/\/www.gongyougroup.com\/es\/products\/plataforma-elevadora-de-trabajo-electrica\/\" \/>\n<meta property=\"og:locale\" content=\"es_ES\" \/>\n<meta property=\"og:type\" content=\"article\" \/>\n<meta property=\"og:title\" content=\"Plataforma elevadora de trabajo el\u00e9ctrica - Gongyougroup\" \/>\n<meta property=\"og:description\" content=\"La mesa elevadora de tijera m\u00f3vil adopta una estructura mec\u00e1nica de tipo tijera para aportar una gran estabilidad despu\u00e9s de ser elevada. La amplia plataforma de operaci\u00f3n y la alta capacidad de carga han hecho que el trabajo en altura se organice y sea adecuado para la operaci\u00f3n simult\u00e1nea de varios trabajadores.\" \/>\n<meta property=\"og:url\" content=\"https:\/\/www.gongyougroup.com\/es\/products\/plataforma-elevadora-de-trabajo-electrica\/\" \/>\n<meta property=\"og:site_name\" content=\"Gongyougroup\" \/>\n<meta property=\"og:image\" content=\"https:\/\/www.gongyougroup.com\/wp-content\/uploads\/2024\/01\/SJY-zt12.jpg\" \/>\n\t<meta property=\"og:image:width\" content=\"700\" \/>\n\t<meta property=\"og:image:height\" content=\"700\" \/>\n<meta name=\"twitter:card\" content=\"summary_large_image\" \/>\n<meta name=\"twitter:label1\" content=\"Tiempo de lectura\">\n\t<meta name=\"twitter:data1\" content=\"0 minutos\">\n<script type=\"application\/ld+json\" class=\"yoast-schema-graph\">{\"@context\":\"https:\/\/schema.org\",\"@graph\":[{\"@type\":\"WebSite\",\"@id\":\"https:\/\/www.gongyougroup.com\/es\/#website\",\"url\":\"https:\/\/www.gongyougroup.com\/es\/\",\"name\":\"Gongyougroup\",\"description\":\"Engaged in the production of various lifting products\",\"potentialAction\":[{\"@type\":\"SearchAction\",\"target\":\"https:\/\/www.gongyougroup.com\/es\/?s={search_term_string}\",\"query-input\":\"required name=search_term_string\"}],\"inLanguage\":\"es\"},{\"@type\":\"ImageObject\",\"@id\":\"https:\/\/www.gongyougroup.com\/es\/products\/plataforma-elevadora-de-trabajo-electrica\/#primaryimage\",\"inLanguage\":\"es\",\"url\":\"https:\/\/www.gongyougroup.com\/wp-content\/uploads\/2024\/01\/SJY-zt12.jpg\",\"width\":700,\"height\":700},{\"@type\":\"WebPage\",\"@id\":\"https:\/\/www.gongyougroup.com\/es\/products\/plataforma-elevadora-de-trabajo-electrica\/#webpage\",\"url\":\"https:\/\/www.gongyougroup.com\/es\/products\/plataforma-elevadora-de-trabajo-electrica\/\",\"name\":\"Plataforma elevadora de trabajo el\\u00e9ctrica - Gongyougroup\",\"isPartOf\":{\"@id\":\"https:\/\/www.gongyougroup.com\/es\/#website\"},\"primaryImageOfPage\":{\"@id\":\"https:\/\/www.gongyougroup.com\/es\/products\/plataforma-elevadora-de-trabajo-electrica\/#primaryimage\"},\"datePublished\":\"2024-01-23T01:24:19+00:00\",\"dateModified\":\"2024-01-23T01:24:19+00:00\",\"description\":\"La mesa elevadora de tijera m\\u00f3vil adopta una estructura mec\\u00e1nica de tipo tijera para aportar una gran estabilidad despu\\u00e9s de ser elevada. La amplia plataforma de operaci\\u00f3n y la alta capacidad de carga han hecho que el trabajo en altura se organice y sea adecuado para la operaci\\u00f3n simult\\u00e1nea de varios trabajadores.\",\"inLanguage\":\"es\",\"potentialAction\":[{\"@type\":\"ReadAction\",\"target\":[\"https:\/\/www.gongyougroup.com\/es\/products\/plataforma-elevadora-de-trabajo-electrica\/\"]}]}]}<\/script>\n<!-- \/ Yoast SEO Premium plugin. -->","_links":{"self":[{"href":"https:\/\/www.gongyougroup.com\/es\/wp-json\/wp\/v2\/product\/12024","targetHints":{"allow":["GET"]}}],"collection":[{"href":"https:\/\/www.gongyougroup.com\/es\/wp-json\/wp\/v2\/product"}],"about":[{"href":"https:\/\/www.gongyougroup.com\/es\/wp-json\/wp\/v2\/types\/product"}],"wp:featuredmedia":[{"embeddable":true,"href":"https:\/\/www.gongyougroup.com\/es\/wp-json\/wp\/v2\/media\/11547"}],"wp:attachment":[{"href":"https:\/\/www.gongyougroup.com\/es\/wp-json\/wp\/v2\/media?parent=12024"}],"wp:term":[{"taxonomy":"product_cat","embeddable":true,"href":"https:\/\/www.gongyougroup.com\/es\/wp-json\/wp\/v2\/product_cat?post=12024"},{"taxonomy":"product_tag","embeddable":true,"href":"https:\/\/www.gongyougroup.com\/es\/wp-json\/wp\/v2\/product_tag?post=12024"}],"curies":[{"name":"wp","href":"https:\/\/api.w.org\/{rel}","templated":true}]}}